{"id":5761,"date":"2025-12-08T21:06:30","date_gmt":"2025-12-08T19:06:30","guid":{"rendered":"https:\/\/ruchti-tec.ch\/?page_id=5761"},"modified":"2026-01-25T16:08:45","modified_gmt":"2026-01-25T14:08:45","slug":"dienstleistungen","status":"publish","type":"page","link":"https:\/\/ruchti-tec.ch\/?page_id=5761","title":{"rendered":"Dienstleistungen"},"content":{"rendered":"\t\t<div data-elementor-type=\"wp-page\" data-elementor-id=\"5761\" class=\"elementor elementor-5761\" data-elementor-post-type=\"page\">\n\t\t\t\t<div class=\"elementor-element elementor-element-48f698cd e-flex e-con-boxed wpr-particle-no wpr-jarallax-no wpr-parallax-no wpr-sticky-section-no e-con e-parent\" data-id=\"48f698cd\" data-element_type=\"container\" data-settings=\"{&quot;background_background&quot;:&quot;classic&quot;}\">\n\t\t\t\t\t<div class=\"e-con-inner\">\n\t\t<div class=\"elementor-element elementor-element-261a4ad6 e-con-full e-flex wpr-particle-no wpr-jarallax-no wpr-parallax-no wpr-sticky-section-no e-con e-child\" data-id=\"261a4ad6\" data-element_type=\"container\">\n\t\t\t\t<div class=\"elementor-element elementor-element-380c5358 elementor-widget elementor-widget-heading\" data-id=\"380c5358\" data-element_type=\"widget\" data-widget_type=\"heading.default\">\n\t\t\t\t<div class=\"elementor-widget-container\">\n\t\t\t\t\t<h2 class=\"elementor-heading-title elementor-size-default\">Dienstleistungen<\/h2>\t\t\t\t<\/div>\n\t\t\t\t<\/div>\n\t\t\t\t<div class=\"elementor-element elementor-element-64fb1e37 elementor-widget elementor-widget-heading\" data-id=\"64fb1e37\" data-element_type=\"widget\" data-widget_type=\"heading.default\">\n\t\t\t\t<div class=\"elementor-widget-container\">\n\t\t\t\t\t<h5 class=\"elementor-heading-title elementor-size-default\">Unser Portfolio<\/h5>\t\t\t\t<\/div>\n\t\t\t\t<\/div>\n\t\t\t\t<\/div>\n\t\t<div class=\"elementor-element elementor-element-164a5285 e-con-full e-flex wpr-particle-no wpr-jarallax-no wpr-parallax-no wpr-sticky-section-no e-con e-child\" data-id=\"164a5285\" data-element_type=\"container\">\n\t\t\t\t<div class=\"elementor-element elementor-element-31578a58 elementor-widget-tablet__width-initial elementor-widget-mobile__width-inherit elementor-widget__width-initial elementor-position-top elementor-widget elementor-widget-image-box\" data-id=\"31578a58\" data-element_type=\"widget\" data-widget_type=\"image-box.default\">\n\t\t\t\t<div class=\"elementor-widget-container\">\n\t\t\t\t\t<div class=\"elementor-image-box-wrapper\"><figure class=\"elementor-image-box-img\"><a href=\"https:\/\/library.elementor.com\/local-services-wireframe-1-flexbox\/services\/#service_1\" tabindex=\"-1\"><img fetchpriority=\"high\" decoding=\"async\" width=\"1024\" height=\"1024\" src=\"https:\/\/ruchti-tec.ch\/wp-content\/uploads\/2025\/12\/ChatGPT-Image-8.-Dez.-2025-17_12_49.png\" class=\"elementor-animation-grow attachment-full size-full wp-image-5691\" alt=\"\" srcset=\"https:\/\/ruchti-tec.ch\/wp-content\/uploads\/2025\/12\/ChatGPT-Image-8.-Dez.-2025-17_12_49.png 1024w, https:\/\/ruchti-tec.ch\/wp-content\/uploads\/2025\/12\/ChatGPT-Image-8.-Dez.-2025-17_12_49-300x300.png 300w, https:\/\/ruchti-tec.ch\/wp-content\/uploads\/2025\/12\/ChatGPT-Image-8.-Dez.-2025-17_12_49-150x150.png 150w, https:\/\/ruchti-tec.ch\/wp-content\/uploads\/2025\/12\/ChatGPT-Image-8.-Dez.-2025-17_12_49-768x768.png 768w\" sizes=\"(max-width: 1024px) 100vw, 1024px\" \/><\/a><\/figure><div class=\"elementor-image-box-content\"><h4 class=\"elementor-image-box-title\"><a href=\"https:\/\/library.elementor.com\/local-services-wireframe-1-flexbox\/services\/#service_1\">Projekt-Management<\/a><\/h4><p class=\"elementor-image-box-description\">Wir kl\u00e4ren Ziele, ordnen Verantwortungen und strukturieren Projekte \u2013 transparent, fokussiert, umsetzungsstark.<\/p><\/div><\/div>\t\t\t\t<\/div>\n\t\t\t\t<\/div>\n\t\t\t\t<div class=\"elementor-element elementor-element-78c5c6b4 elementor-widget-tablet__width-initial elementor-widget-mobile__width-inherit elementor-widget__width-initial elementor-position-top elementor-widget elementor-widget-image-box\" data-id=\"78c5c6b4\" data-element_type=\"widget\" data-widget_type=\"image-box.default\">\n\t\t\t\t<div class=\"elementor-widget-container\">\n\t\t\t\t\t<div class=\"elementor-image-box-wrapper\"><figure class=\"elementor-image-box-img\"><a href=\"https:\/\/library.elementor.com\/local-services-wireframe-1-flexbox\/services\/#service_2\" tabindex=\"-1\"><img decoding=\"async\" width=\"300\" height=\"300\" src=\"https:\/\/ruchti-tec.ch\/wp-content\/uploads\/2024\/07\/c4f83892-05c3-4af5-bee0-4d93c5185e42-300x300.png\" class=\"elementor-animation-grow attachment-post-thumbnail size-post-thumbnail wp-image-5472\" alt=\"\" srcset=\"https:\/\/ruchti-tec.ch\/wp-content\/uploads\/2024\/07\/c4f83892-05c3-4af5-bee0-4d93c5185e42-300x300.png 300w, https:\/\/ruchti-tec.ch\/wp-content\/uploads\/2024\/07\/c4f83892-05c3-4af5-bee0-4d93c5185e42-150x150.png 150w\" sizes=\"(max-width: 300px) 100vw, 300px\" \/><\/a><\/figure><div class=\"elementor-image-box-content\"><h4 class=\"elementor-image-box-title\"><a href=\"https:\/\/library.elementor.com\/local-services-wireframe-1-flexbox\/services\/#service_2\">Agile Transformation<\/a><\/h4><p class=\"elementor-image-box-description\">Wir begleiten Ihre agile Transformation \u2013 von den ersten Pilot-projekten bis zur verankerten, gelebten Arbeitsweise im ganzen Unternehmen.<\/p><\/div><\/div>\t\t\t\t<\/div>\n\t\t\t\t<\/div>\n\t\t\t\t<div class=\"elementor-element elementor-element-7e9fe034 elementor-widget-tablet__width-initial elementor-widget-mobile__width-inherit elementor-widget__width-initial elementor-position-top elementor-widget elementor-widget-image-box\" data-id=\"7e9fe034\" data-element_type=\"widget\" data-widget_type=\"image-box.default\">\n\t\t\t\t<div class=\"elementor-widget-container\">\n\t\t\t\t\t<div class=\"elementor-image-box-wrapper\"><figure class=\"elementor-image-box-img\"><a href=\"https:\/\/library.elementor.com\/local-services-wireframe-1-flexbox\/services\/#service_3\" tabindex=\"-1\"><img decoding=\"async\" width=\"1024\" height=\"1024\" src=\"https:\/\/ruchti-tec.ch\/wp-content\/uploads\/2025\/09\/ChatGPT-Image-8.-Sept.-2025-14_46_23.png\" class=\"elementor-animation-grow attachment-full size-full wp-image-5490\" alt=\"\" srcset=\"https:\/\/ruchti-tec.ch\/wp-content\/uploads\/2025\/09\/ChatGPT-Image-8.-Sept.-2025-14_46_23.png 1024w, https:\/\/ruchti-tec.ch\/wp-content\/uploads\/2025\/09\/ChatGPT-Image-8.-Sept.-2025-14_46_23-300x300.png 300w, https:\/\/ruchti-tec.ch\/wp-content\/uploads\/2025\/09\/ChatGPT-Image-8.-Sept.-2025-14_46_23-150x150.png 150w, https:\/\/ruchti-tec.ch\/wp-content\/uploads\/2025\/09\/ChatGPT-Image-8.-Sept.-2025-14_46_23-768x768.png 768w\" sizes=\"(max-width: 1024px) 100vw, 1024px\" \/><\/a><\/figure><div class=\"elementor-image-box-content\"><h4 class=\"elementor-image-box-title\"><a href=\"https:\/\/library.elementor.com\/local-services-wireframe-1-flexbox\/services\/#service_3\">Digitalisierung &amp; Automation<\/a><\/h4><p class=\"elementor-image-box-description\">Wir digitalisieren, automatisieren und vereinfachen eure Gesch\u00e4ftsprozesse.<\/p><\/div><\/div>\t\t\t\t<\/div>\n\t\t\t\t<\/div>\n\t\t\t\t<div class=\"elementor-element elementor-element-5724de07 elementor-widget-tablet__width-initial elementor-widget-mobile__width-inherit elementor-widget__width-initial elementor-position-top elementor-widget elementor-widget-image-box\" data-id=\"5724de07\" data-element_type=\"widget\" data-widget_type=\"image-box.default\">\n\t\t\t\t<div class=\"elementor-widget-container\">\n\t\t\t\t\t<div class=\"elementor-image-box-wrapper\"><figure class=\"elementor-image-box-img\"><a href=\"https:\/\/library.elementor.com\/local-services-wireframe-1-flexbox\/services\/#service_4\" tabindex=\"-1\"><img loading=\"lazy\" decoding=\"async\" width=\"1024\" height=\"1024\" src=\"https:\/\/ruchti-tec.ch\/wp-content\/uploads\/2025\/09\/ChatGPT-Image-8.-Sept.-2025-15_05_42.png\" class=\"elementor-animation-grow attachment-full size-full wp-image-5497\" alt=\"\" srcset=\"https:\/\/ruchti-tec.ch\/wp-content\/uploads\/2025\/09\/ChatGPT-Image-8.-Sept.-2025-15_05_42.png 1024w, https:\/\/ruchti-tec.ch\/wp-content\/uploads\/2025\/09\/ChatGPT-Image-8.-Sept.-2025-15_05_42-300x300.png 300w, https:\/\/ruchti-tec.ch\/wp-content\/uploads\/2025\/09\/ChatGPT-Image-8.-Sept.-2025-15_05_42-150x150.png 150w, https:\/\/ruchti-tec.ch\/wp-content\/uploads\/2025\/09\/ChatGPT-Image-8.-Sept.-2025-15_05_42-768x768.png 768w\" sizes=\"(max-width: 1024px) 100vw, 1024px\" \/><\/a><\/figure><div class=\"elementor-image-box-content\"><h4 class=\"elementor-image-box-title\"><a href=\"https:\/\/library.elementor.com\/local-services-wireframe-1-flexbox\/services\/#service_4\">Cloud Computing - Hosting-Transfer<\/a><\/h4><p class=\"elementor-image-box-description\">Wir unterst\u00fctzen KMU dabei schnell, stabil und sicher online zu sein.<\/p><\/div><\/div>\t\t\t\t<\/div>\n\t\t\t\t<\/div>\n\t\t\t\t<\/div>\n\t\t\t\t\t<\/div>\n\t\t\t\t<\/div>\n\t\t<div class=\"elementor-element elementor-element-2faa4984 e-flex e-con-boxed wpr-particle-no wpr-jarallax-no wpr-parallax-no wpr-sticky-section-no e-con e-parent\" data-id=\"2faa4984\" data-element_type=\"container\" data-settings=\"{&quot;background_background&quot;:&quot;classic&quot;}\">\n\t\t\t\t\t<div class=\"e-con-inner\">\n\t\t<div class=\"elementor-element elementor-element-818435e e-con-full e-flex wpr-particle-no wpr-jarallax-no wpr-parallax-no wpr-sticky-section-no e-con e-child\" data-id=\"818435e\" data-element_type=\"container\">\n\t\t\t\t<div class=\"elementor-element elementor-element-37bdac3a elementor-widget-tablet__width-initial elementor-widget-mobile__width-inherit elementor-widget__width-initial elementor-position-top elementor-widget elementor-widget-image-box\" data-id=\"37bdac3a\" data-element_type=\"widget\" data-widget_type=\"image-box.default\">\n\t\t\t\t<div class=\"elementor-widget-container\">\n\t\t\t\t\t<div class=\"elementor-image-box-wrapper\"><figure class=\"elementor-image-box-img\"><a href=\"https:\/\/library.elementor.com\/local-services-wireframe-1-flexbox\/services\/#service_1\" tabindex=\"-1\"><img loading=\"lazy\" decoding=\"async\" width=\"300\" height=\"300\" src=\"https:\/\/ruchti-tec.ch\/wp-content\/uploads\/2025\/02\/pexels-photo-148807-300x300.jpeg\" class=\"elementor-animation-grow attachment-post-thumbnail size-post-thumbnail wp-image-4914\" alt=\"\" srcset=\"https:\/\/ruchti-tec.ch\/wp-content\/uploads\/2025\/02\/pexels-photo-148807-300x300.jpeg 300w, https:\/\/ruchti-tec.ch\/wp-content\/uploads\/2025\/02\/pexels-photo-148807-150x150.jpeg 150w\" sizes=\"(max-width: 300px) 100vw, 300px\" \/><\/a><\/figure><div class=\"elementor-image-box-content\"><h4 class=\"elementor-image-box-title\"><a href=\"https:\/\/library.elementor.com\/local-services-wireframe-1-flexbox\/services\/#service_1\">Business Analyse <\/a><\/h4><p class=\"elementor-image-box-description\">In symematischer Analyse wollen wir Ihre Prozesse und Bed\u00fcrfnisse verstehen und verbessern.<\/p><\/div><\/div>\t\t\t\t<\/div>\n\t\t\t\t<\/div>\n\t\t\t\t<div class=\"elementor-element elementor-element-3020fe0b elementor-widget-tablet__width-initial elementor-widget-mobile__width-inherit elementor-widget__width-initial elementor-position-top elementor-widget elementor-widget-image-box\" data-id=\"3020fe0b\" data-element_type=\"widget\" data-widget_type=\"image-box.default\">\n\t\t\t\t<div class=\"elementor-widget-container\">\n\t\t\t\t\t<div class=\"elementor-image-box-wrapper\"><figure class=\"elementor-image-box-img\"><a href=\"https:\/\/ruchti-tec.ch\/?page_id=6181\" tabindex=\"-1\"><img loading=\"lazy\" decoding=\"async\" width=\"1024\" height=\"1024\" src=\"https:\/\/ruchti-tec.ch\/wp-content\/uploads\/2025\/09\/ChatGPT-Image-8.-Sept.-2025-14_25_24.png\" class=\"elementor-animation-grow attachment-full size-full wp-image-5480\" alt=\"\" srcset=\"https:\/\/ruchti-tec.ch\/wp-content\/uploads\/2025\/09\/ChatGPT-Image-8.-Sept.-2025-14_25_24.png 1024w, https:\/\/ruchti-tec.ch\/wp-content\/uploads\/2025\/09\/ChatGPT-Image-8.-Sept.-2025-14_25_24-300x300.png 300w, https:\/\/ruchti-tec.ch\/wp-content\/uploads\/2025\/09\/ChatGPT-Image-8.-Sept.-2025-14_25_24-150x150.png 150w, https:\/\/ruchti-tec.ch\/wp-content\/uploads\/2025\/09\/ChatGPT-Image-8.-Sept.-2025-14_25_24-768x768.png 768w\" sizes=\"(max-width: 1024px) 100vw, 1024px\" \/><\/a><\/figure><div class=\"elementor-image-box-content\"><h4 class=\"elementor-image-box-title\"><a href=\"https:\/\/ruchti-tec.ch\/?page_id=6181\">Cyber Security<\/a><\/h4><p class=\"elementor-image-box-description\">Wir optimieren Ihre IT-Netzwerke, st\u00e4rken Ihre Cyber-Abwehr und beraten Sie in Themen der Informationssicherheit. <\/p><\/div><\/div>\t\t\t\t<\/div>\n\t\t\t\t<\/div>\n\t\t\t\t<div class=\"elementor-element elementor-element-63271ed2 elementor-widget-tablet__width-initial elementor-widget-mobile__width-inherit elementor-widget__width-initial elementor-position-top elementor-widget elementor-widget-image-box\" data-id=\"63271ed2\" data-element_type=\"widget\" data-widget_type=\"image-box.default\">\n\t\t\t\t<div class=\"elementor-widget-container\">\n\t\t\t\t\t<div class=\"elementor-image-box-wrapper\"><figure class=\"elementor-image-box-img\"><a href=\"https:\/\/library.elementor.com\/local-services-wireframe-1-flexbox\/services\/#service_2\" tabindex=\"-1\"><img loading=\"lazy\" decoding=\"async\" width=\"300\" height=\"300\" src=\"https:\/\/ruchti-tec.ch\/wp-content\/uploads\/2025\/02\/pic-5-300x300.jpg\" class=\"elementor-animation-grow attachment-post-thumbnail size-post-thumbnail wp-image-4842\" alt=\"\" srcset=\"https:\/\/ruchti-tec.ch\/wp-content\/uploads\/2025\/02\/pic-5-300x300.jpg 300w, https:\/\/ruchti-tec.ch\/wp-content\/uploads\/2025\/02\/pic-5-150x150.jpg 150w\" sizes=\"(max-width: 300px) 100vw, 300px\" \/><\/a><\/figure><div class=\"elementor-image-box-content\"><h4 class=\"elementor-image-box-title\"><a href=\"https:\/\/library.elementor.com\/local-services-wireframe-1-flexbox\/services\/#service_2\">Business Coaching<\/a><\/h4><p class=\"elementor-image-box-description\">In der Rolle als Business-Coach oder Scrum Master f\u00f6rdern wir Ihre Teams zur st\u00e4rkeren Selbstverantwortung.<\/p><\/div><\/div>\t\t\t\t<\/div>\n\t\t\t\t<\/div>\n\t\t\t\t<\/div>\n\t\t\t\t\t<\/div>\n\t\t\t\t<\/div>\n\t\t<div class=\"elementor-element elementor-element-a8a4730 e-flex e-con-boxed wpr-particle-no wpr-jarallax-no wpr-parallax-no wpr-sticky-section-no e-con e-parent\" data-id=\"a8a4730\" data-element_type=\"container\">\n\t\t\t\t\t<div class=\"e-con-inner\">\n\t\t\t\t<div class=\"elementor-element elementor-element-bedea3b elementor-widget-divider--view-line elementor-widget elementor-widget-divider\" data-id=\"bedea3b\" data-element_type=\"widget\" data-widget_type=\"divider.default\">\n\t\t\t\t<div class=\"elementor-widget-container\">\n\t\t\t\t\t\t\t<div class=\"elementor-divider\">\n\t\t\t<span class=\"elementor-divider-separator\">\n\t\t\t\t\t\t<\/span>\n\t\t<\/div>\n\t\t\t\t\t\t<\/div>\n\t\t\t\t<\/div>\n\t\t\t\t\t<\/div>\n\t\t\t\t<\/div>\n\t\t<div class=\"elementor-element elementor-element-2e180b8 e-flex e-con-boxed wpr-particle-no wpr-jarallax-no wpr-parallax-no wpr-sticky-section-no e-con e-parent\" data-id=\"2e180b8\" data-element_type=\"container\">\n\t\t\t\t\t<div class=\"e-con-inner\">\n\t\t\t\t<div class=\"elementor-element elementor-element-eb0d30f elementor-widget elementor-widget-text-editor\" data-id=\"eb0d30f\" data-element_type=\"widget\" data-widget_type=\"text-editor.default\">\n\t\t\t\t<div class=\"elementor-widget-container\">\n\t\t\t\t\t\t\t\t\t<div class=\"elementor-element elementor-element-25392152 elementor-widget elementor-widget-heading\" data-id=\"25392152\" data-element_type=\"widget\" data-widget_type=\"heading.default\"><div class=\"elementor-widget-container\"><h4 class=\"elementor-heading-title elementor-size-default\"><span style=\"color: #000080;\">Lassen Sie uns ins Gespr\u00e4ch kommen \u2013 Sie erreichen uns wie folgt:<\/span><\/h4><p>\u00a0<\/p><\/div><\/div><div class=\"elementor-element elementor-element-9b251ff elementor-widget elementor-widget-text-editor\" data-id=\"9b251ff\" data-element_type=\"widget\" data-widget_type=\"text-editor.default\"><div class=\"elementor-element elementor-element-62df62d8 elementor-vertical-align-middle elementor-position-left elementor-view-default elementor-mobile-position-top elementor-widget elementor-widget-icon-box animated zoomIn\" data-id=\"62df62d8\" data-element_type=\"widget\" data-settings=\"{&quot;_animation&quot;:&quot;zoomIn&quot;}\" data-widget_type=\"icon-box.default\"><div class=\"elementor-widget-container\"><div class=\"elementor-icon-box-wrapper\"><p><strong>Office Mail:<\/strong> info.[@]ruchti-tec.ch<br \/><strong>Office Number:\u00a0 <\/strong>+41 79 746 15 31<br \/><strong>Office Address:<\/strong>\u00a0 3324 Hindelbank, Schweiz<\/p><\/div><\/div><\/div><p class=\"elementor-widget-container\"><em>\u201eWir freuen uns schon jetzt darauf, Sie pers\u00f6nlich kennenzulernen.\u201c<\/em><\/p><\/div>\t\t\t\t\t\t\t\t<\/div>\n\t\t\t\t<\/div>\n\t\t\t\t\t<\/div>\n\t\t\t\t<\/div>\n\t\t\t\t<\/div>\n\t\t","protected":false},"excerpt":{"rendered":"<p>Dienstleistungen Unser Portfolio Projekt-Management Wir kl\u00e4ren Ziele, ordnen Verantwortungen und strukturieren Projekte \u2013 transparent, fokussiert, umsetzungsstark. Agile Transformation Wir begleiten Ihre agile Transformation \u2013 von den ersten Pilot-projekten bis zur verankerten, gelebten Arbeitsweise im ganzen Unternehmen. Digitalisierung &amp; Automation Wir digitalisieren, automatisieren und vereinfachen eure Gesch\u00e4ftsprozesse. Cloud Computing &#8211; Hosting-Transfer Wir unterst\u00fctzen KMU dabei schnell, stabil und sicher online zu sein. Business Analyse In symematischer Analyse wollen wir Ihre Prozesse und Bed\u00fcrfnisse verstehen und verbessern. Cyber Security Wir optimieren Ihre IT-Netzwerke, st\u00e4rken Ihre Cyber-Abwehr und beraten Sie in Themen der Informationssicherheit. Business Coaching In der Rolle als Business-Coach oder Scrum Master f\u00f6rdern wir Ihre Teams zur st\u00e4rkeren Selbstverantwortung. Lassen Sie uns ins Gespr\u00e4ch kommen \u2013 Sie erreichen uns wie folgt: \u00a0 Office Mail: info.[@]ruchti-tec.chOffice Number:\u00a0 +41 79 746 15 31Office Address:\u00a0 3324 Hindelbank, Schweiz \u201eWir freuen uns schon jetzt darauf, Sie pers\u00f6nlich kennenzulernen.\u201c<\/p>\n","protected":false},"author":1,"featured_media":0,"parent":0,"menu_order":0,"comment_status":"closed","ping_status":"closed","template":"","meta":{"content-type":"","footnotes":""},"class_list":["post-5761","page","type-page","status-publish","hentry"],"_links":{"self":[{"href":"https:\/\/ruchti-tec.ch\/index.php?rest_route=\/wp\/v2\/pages\/5761","targetHints":{"allow":["GET"]}}],"collection":[{"href":"https:\/\/ruchti-tec.ch\/index.php?rest_route=\/wp\/v2\/pages"}],"about":[{"href":"https:\/\/ruchti-tec.ch\/index.php?rest_route=\/wp\/v2\/types\/page"}],"author":[{"embeddable":true,"href":"https:\/\/ruchti-tec.ch\/index.php?rest_route=\/wp\/v2\/users\/1"}],"replies":[{"embeddable":true,"href":"https:\/\/ruchti-tec.ch\/index.php?rest_route=%2Fwp%2Fv2%2Fcomments&post=5761"}],"version-history":[{"count":49,"href":"https:\/\/ruchti-tec.ch\/index.php?rest_route=\/wp\/v2\/pages\/5761\/revisions"}],"predecessor-version":[{"id":6187,"href":"https:\/\/ruchti-tec.ch\/index.php?rest_route=\/wp\/v2\/pages\/5761\/revisions\/6187"}],"wp:attachment":[{"href":"https:\/\/ruchti-tec.ch\/index.php?rest_route=%2Fwp%2Fv2%2Fmedia&parent=5761"}],"curies":[{"name":"wp","href":"https:\/\/api.w.org\/{rel}","templated":true}]}}