{"id":1906,"date":"2024-02-06T09:06:18","date_gmt":"2024-02-06T07:06:18","guid":{"rendered":"https:\/\/ruchti-tec.ch\/?page_id=1906"},"modified":"2025-12-09T11:14:48","modified_gmt":"2025-12-09T09:14:48","slug":"it-project-management","status":"publish","type":"page","link":"https:\/\/ruchti-tec.ch\/?page_id=1906","title":{"rendered":"Change- &#038; Leadership Management"},"content":{"rendered":"\t\t<div data-elementor-type=\"wp-page\" data-elementor-id=\"1906\" class=\"elementor elementor-1906\" data-elementor-post-type=\"page\">\n\t\t\t\t\t\t<section class=\"elementor-section elementor-top-section elementor-element elementor-element-5f2445070 elementor-section-height-full elementor-section-full_width elementor-section-height-default elementor-section-items-middle wpr-particle-no wpr-jarallax-no wpr-parallax-no wpr-sticky-section-no\" data-id=\"5f2445070\" data-element_type=\"section\" data-settings=\"{&quot;background_background&quot;:&quot;classic&quot;}\">\n\t\t\t\t\t\t<div class=\"elementor-container elementor-column-gap-default\">\n\t\t\t\t\t<div class=\"elementor-column elementor-col-50 elementor-top-column elementor-element elementor-element-4f8bff8f\" data-id=\"4f8bff8f\" data-element_type=\"column\">\n\t\t\t<div class=\"elementor-widget-wrap elementor-element-populated\">\n\t\t\t\t\t\t<div class=\"elementor-element elementor-element-48c230c6 wpr-advanced-text-style-highlighted elementor-invisible elementor-widget elementor-widget-wpr-advanced-text\" data-id=\"48c230c6\" data-element_type=\"widget\" data-settings=\"{&quot;_animation&quot;:&quot;slideInLeft&quot;,&quot;_animation_delay&quot;:0}\" data-widget_type=\"wpr-advanced-text.default\">\n\t\t\t\t<div class=\"elementor-widget-container\">\n\t\t\t\t\t\n\t\t<h6 class=\"wpr-advanced-text\">\n\n\t\t\t\t\t\n\t\t\t\t\t\t\t<span class=\"wpr-advanced-text-preffix\">Change- &amp; Leadership Management<\/span>\n\t\t\t\n\t\t<span class=\"wpr-highlighted-text\">\n\t\t\t\t\t\n\t\t\t<span class=\"wpr-highlighted-text-inner\">      Agile &amp; klassisch<\/span>\n\n\t\t\t<svg xmlns=\"http:\/\/www.w3.org\/2000\/svg\" viewBox=\"0 0 500 150\" class=\"wpr-highlight-circle\" preserveAspectRatio=\"none\">\n\t\t\t\t\t\t\t\t<path d=\"M284.72,15.61C276.85,14.43,2-2.85,2,80.46c0,34.09,45.22,58.86,196.31,62.81C719.59,154.18,467-74.85,109,29.15\"><\/path>\n\t\t\t\t\t\t\t<\/svg>\n\t\t\t\t\t<\/span>\n\t\t\t\t\n\t\t<\/h6>\n\t\t\n\t\t\t\t\t\t<\/div>\n\t\t\t\t<\/div>\n\t\t\t\t<div class=\"elementor-element elementor-element-4b8f1c7a elementor-invisible elementor-widget elementor-widget-text-editor\" data-id=\"4b8f1c7a\" data-element_type=\"widget\" data-settings=\"{&quot;_animation&quot;:&quot;slideInLeft&quot;,&quot;_animation_delay&quot;:100}\" data-widget_type=\"text-editor.default\">\n\t\t\t\t<div class=\"elementor-widget-container\">\n\t\t\t\t\t\t\t\t\t<h3><span style=\"color: #00ccff;\"><em>&#8222;Erfolgreiche IT-Vorhaben brauchen klare F\u00fchrung und agile Umsetzung. Ich unterst\u00fctze Sie mit Erfahrung und Leidenschaft in Ihren IT-Projekten \u2013 als IT-Projektmanager, Scrum Master oder Agile Team Coach. Gemeinsam gestalten wir nachhaltige L\u00f6sungen, f\u00f6rdern Zusammenarbeit und bringen Ihre Projekte effizient zum Erfolg.&#8220;<\/em><\/span><\/h3>\t\t\t\t\t\t\t\t<\/div>\n\t\t\t\t<\/div>\n\t\t\t\t\t<\/div>\n\t\t<\/div>\n\t\t\t\t<div class=\"elementor-column elementor-col-50 elementor-top-column elementor-element elementor-element-219806e8\" data-id=\"219806e8\" data-element_type=\"column\">\n\t\t\t<div class=\"elementor-widget-wrap\">\n\t\t\t\t\t\t\t<\/div>\n\t\t<\/div>\n\t\t\t\t\t<\/div>\n\t\t<\/section>\n\t\t<div class=\"elementor-element elementor-element-cd1d453 e-grid e-con-boxed wpr-particle-no wpr-jarallax-no wpr-parallax-no wpr-sticky-section-no e-con e-parent\" data-id=\"cd1d453\" data-element_type=\"container\">\n\t\t\t\t\t<div class=\"e-con-inner\">\n\t\t\t\t<div class=\"elementor-element elementor-element-196cd4e elementor-widget elementor-widget-text-editor\" data-id=\"196cd4e\" data-element_type=\"widget\" data-widget_type=\"text-editor.default\">\n\t\t\t\t<div class=\"elementor-widget-container\">\n\t\t\t\t\t\t\t\t\t<h4><span style=\"color: #000080;\">Agile Transformation<\/span><\/h4><p>Wir begleiten Sie mit modernen agilen Methoden auf dem Weg von traditionellen, hierarchischen Strukturen hin zu dynamischen, selbstorganisierten Teams.<br data-start=\"432\" data-end=\"435\" \/>Das Ergebnis: schnellere Entscheidungen, mehr Flexibilit\u00e4t und langfristige Wettbewerbsf\u00e4higkeit.<\/p>\t\t\t\t\t\t\t\t<\/div>\n\t\t\t\t<\/div>\n\t\t\t\t<div class=\"elementor-element elementor-element-12c378a elementor-widget elementor-widget-text-editor\" data-id=\"12c378a\" data-element_type=\"widget\" data-widget_type=\"text-editor.default\">\n\t\t\t\t<div class=\"elementor-widget-container\">\n\t\t\t\t\t\t\t\t\t<h4><span style=\"color: #000080;\">Projektmanagement<\/span><\/h4><p>Wir beherrschen sowohl <em>klassische<\/em> als auch <em>agile Projektmanagementmethoden<\/em> und sind damit bestens ger\u00fcstet, der zunehmenden Komplexit\u00e4t moderner Systeme und Organisationen innovativ und zielgerichtet zu begegnen.<\/p>\t\t\t\t\t\t\t\t<\/div>\n\t\t\t\t<\/div>\n\t\t\t\t<div class=\"elementor-element elementor-element-82a3006 elementor-widget elementor-widget-text-editor\" data-id=\"82a3006\" data-element_type=\"widget\" data-widget_type=\"text-editor.default\">\n\t\t\t\t<div class=\"elementor-widget-container\">\n\t\t\t\t\t\t\t\t\t<h4><span style=\"color: #000080;\">Servant Leadership Management<\/span><\/h4><p>Durch <em>interaktive Schulungen, gezielte Coachings <\/em>und individuelle Trainingsformate bef\u00e4higen wir F\u00fchrungskr\u00e4fte und Mitarbeitende, die agile Arbeitsweise erfolgreich anzuwenden.<\/p>\t\t\t\t\t\t\t\t<\/div>\n\t\t\t\t<\/div>\n\t\t\t\t\t<\/div>\n\t\t\t\t<\/div>\n\t\t<div class=\"elementor-element elementor-element-1d6f9da e-flex e-con-boxed wpr-particle-no wpr-jarallax-no wpr-parallax-no wpr-sticky-section-no e-con e-parent\" data-id=\"1d6f9da\" data-element_type=\"container\">\n\t\t\t\t\t<div class=\"e-con-inner\">\n\t\t\t\t<div class=\"elementor-element elementor-element-1b0164d elementor-widget-divider--view-line elementor-widget elementor-widget-divider\" data-id=\"1b0164d\" data-element_type=\"widget\" data-widget_type=\"divider.default\">\n\t\t\t\t<div class=\"elementor-widget-container\">\n\t\t\t\t\t\t\t<div class=\"elementor-divider\">\n\t\t\t<span class=\"elementor-divider-separator\">\n\t\t\t\t\t\t<\/span>\n\t\t<\/div>\n\t\t\t\t\t\t<\/div>\n\t\t\t\t<\/div>\n\t\t\t\t\t<\/div>\n\t\t\t\t<\/div>\n\t\t<div class=\"elementor-element elementor-element-713ff98 e-flex e-con-boxed wpr-particle-no wpr-jarallax-no wpr-parallax-no wpr-sticky-section-no e-con e-parent\" data-id=\"713ff98\" data-element_type=\"container\">\n\t\t\t\t\t<div class=\"e-con-inner\">\n\t\t<div class=\"elementor-element elementor-element-34673b5 e-con-full e-flex wpr-particle-no wpr-jarallax-no wpr-parallax-no wpr-sticky-section-no e-con e-child\" data-id=\"34673b5\" data-element_type=\"container\">\n\t\t\t\t<div class=\"elementor-element elementor-element-b543bab elementor-widget elementor-widget-image\" data-id=\"b543bab\" data-element_type=\"widget\" data-widget_type=\"image.default\">\n\t\t\t\t<div class=\"elementor-widget-container\">\n\t\t\t\t\t\t\t\t\t\t\t\t<figure class=\"wp-caption\">\n\t\t\t\t\t\t\t\t\t\t<img fetchpriority=\"high\" decoding=\"async\" width=\"363\" height=\"392\" src=\"https:\/\/ruchti-tec.ch\/wp-content\/uploads\/2024\/07\/Unbenannt-1.jpg\" class=\"attachment-large size-large wp-image-3252\" alt=\"\" srcset=\"https:\/\/ruchti-tec.ch\/wp-content\/uploads\/2024\/07\/Unbenannt-1.jpg 363w, https:\/\/ruchti-tec.ch\/wp-content\/uploads\/2024\/07\/Unbenannt-1-278x300.jpg 278w\" sizes=\"(max-width: 363px) 100vw, 363px\" \/>\t\t\t\t\t\t\t\t\t\t\t<figcaption class=\"widget-image-caption wp-caption-text\">Stefan Ruchti | IT-Consultant, EMBA, MAS Information System Management<\/figcaption>\n\t\t\t\t\t\t\t\t\t\t<\/figure>\n\t\t\t\t\t\t\t\t\t<\/div>\n\t\t\t\t<\/div>\n\t\t\t\t<\/div>\n\t\t<div class=\"elementor-element elementor-element-42bbf10 e-con-full e-flex wpr-particle-no wpr-jarallax-no wpr-parallax-no wpr-sticky-section-no e-con e-child\" data-id=\"42bbf10\" data-element_type=\"container\">\n\t\t\t\t<div class=\"elementor-element elementor-element-584b6dd elementor-widget elementor-widget-text-editor\" data-id=\"584b6dd\" data-element_type=\"widget\" data-widget_type=\"text-editor.default\">\n\t\t\t\t<div class=\"elementor-widget-container\">\n\t\t\t\t\t\t\t\t\t<p>Wir \u00fcbernehmen die <strong>Planung<\/strong>, <strong>\u00dcberwachung <\/strong>und <strong>Steuerung <\/strong>Ihrer IT-Projekte. Durch professionelles Projektmanagement stellen wir sicher, dass Ihre IT-Projekte effizient, termingerecht und im Rahmen des Budgets abgeschlossen werden, um die gew\u00fcnschten Ergebnisse zu erzielen. Erfolgreiches IT-Projektmanagement erfordert nicht nur technisches Fachwissen, sondern auch Kompetenzen in Teamf\u00fchrung, Kommunikation, Planung und Anpassungsf\u00e4higkeit. Dabei setzen wir auf bew\u00e4hrte Methoden wie <strong>Hermes<\/strong>, <strong>Scrum, <\/strong><strong>SAFe <\/strong>und <strong>gesundem Menschenverstand.<\/strong><\/p>\t\t\t\t\t\t\t\t<\/div>\n\t\t\t\t<\/div>\n\t\t\t\t<div class=\"elementor-element elementor-element-671e986 elementor-widget elementor-widget-image\" data-id=\"671e986\" data-element_type=\"widget\" data-widget_type=\"image.default\">\n\t\t\t\t<div class=\"elementor-widget-container\">\n\t\t\t\t\t\t\t\t\t\t\t\t\t\t\t<img decoding=\"async\" width=\"300\" height=\"203\" src=\"https:\/\/ruchti-tec.ch\/wp-content\/uploads\/2024\/02\/image-300x203.png\" class=\"attachment-medium size-medium wp-image-1967\" alt=\"\" srcset=\"https:\/\/ruchti-tec.ch\/wp-content\/uploads\/2024\/02\/image-300x203.png 300w, https:\/\/ruchti-tec.ch\/wp-content\/uploads\/2024\/02\/image-1024x692.png 1024w, https:\/\/ruchti-tec.ch\/wp-content\/uploads\/2024\/02\/image-768x519.png 768w, https:\/\/ruchti-tec.ch\/wp-content\/uploads\/2024\/02\/image-1536x1038.png 1536w, https:\/\/ruchti-tec.ch\/wp-content\/uploads\/2024\/02\/image.png 1733w\" sizes=\"(max-width: 300px) 100vw, 300px\" \/>\t\t\t\t\t\t\t\t\t\t\t\t\t\t\t<\/div>\n\t\t\t\t<\/div>\n\t\t\t\t<\/div>\n\t\t\t\t\t<\/div>\n\t\t\t\t<\/div>\n\t\t<div class=\"elementor-element elementor-element-9286f6e e-flex e-con-boxed wpr-particle-no wpr-jarallax-no wpr-parallax-no wpr-sticky-section-no e-con e-parent\" data-id=\"9286f6e\" data-element_type=\"container\">\n\t\t\t\t\t<div class=\"e-con-inner\">\n\t\t\t\t<div class=\"elementor-element elementor-element-091b774 elementor-widget elementor-widget-text-editor\" data-id=\"091b774\" data-element_type=\"widget\" data-widget_type=\"text-editor.default\">\n\t\t\t\t<div class=\"elementor-widget-container\">\n\t\t\t\t\t\t\t\t\t<div class=\"elementor-element elementor-element-25392152 elementor-widget elementor-widget-heading\" data-id=\"25392152\" data-element_type=\"widget\" data-widget_type=\"heading.default\"><div class=\"elementor-widget-container\"><h4 class=\"elementor-heading-title elementor-size-default\"><span style=\"color: #000080;\">Lassen Sie uns ins Gespr\u00e4ch kommen \u2013 Sie erreichen uns wie folgt:<\/span><\/h4><p>\u00a0<\/p><\/div><\/div><div class=\"elementor-element elementor-element-9b251ff elementor-widget elementor-widget-text-editor\" data-id=\"9b251ff\" data-element_type=\"widget\" data-widget_type=\"text-editor.default\"><div class=\"elementor-element elementor-element-62df62d8 elementor-vertical-align-middle elementor-position-left elementor-view-default elementor-mobile-position-top elementor-widget elementor-widget-icon-box animated zoomIn\" data-id=\"62df62d8\" data-element_type=\"widget\" data-settings=\"{&quot;_animation&quot;:&quot;zoomIn&quot;}\" data-widget_type=\"icon-box.default\"><div class=\"elementor-widget-container\"><div class=\"elementor-icon-box-wrapper\"><p><strong>E-Mail:<\/strong>\u00a0info@ruchti-tec.ch<br \/><strong>Office Number:\u00a0 <\/strong>+41 79 746 15 31<br \/><strong>Office Address:<\/strong>\u00a0 3324 Hindelbank, Schweiz<\/p><\/div><\/div><\/div><p class=\"elementor-widget-container\"><em>\u201eWir freuen uns schon jetzt darauf, Sie pers\u00f6nlich kennenzulernen.\u201c<\/em><\/p><\/div>\t\t\t\t\t\t\t\t<\/div>\n\t\t\t\t<\/div>\n\t\t\t\t\t<\/div>\n\t\t\t\t<\/div>\n\t\t\t\t<\/div>\n\t\t","protected":false},"excerpt":{"rendered":"<p>Change- &amp; Leadership Management Agile &amp; klassisch &#8222;Erfolgreiche IT-Vorhaben brauchen klare F\u00fchrung und agile Umsetzung. Ich unterst\u00fctze Sie mit Erfahrung und Leidenschaft in Ihren IT-Projekten \u2013 als IT-Projektmanager, Scrum Master oder Agile Team Coach. Gemeinsam gestalten wir nachhaltige L\u00f6sungen, f\u00f6rdern Zusammenarbeit und bringen Ihre Projekte effizient zum Erfolg.&#8220; Agile Transformation Wir begleiten Sie mit modernen agilen Methoden auf dem Weg von traditionellen, hierarchischen Strukturen hin zu dynamischen, selbstorganisierten Teams.Das Ergebnis: schnellere Entscheidungen, mehr Flexibilit\u00e4t und langfristige Wettbewerbsf\u00e4higkeit. Projektmanagement Wir beherrschen sowohl klassische als auch agile Projektmanagementmethoden und sind damit bestens ger\u00fcstet, der zunehmenden Komplexit\u00e4t moderner Systeme und Organisationen innovativ und zielgerichtet zu begegnen. Servant Leadership Management Durch interaktive Schulungen, gezielte Coachings und individuelle Trainingsformate bef\u00e4higen wir F\u00fchrungskr\u00e4fte und Mitarbeitende, die agile Arbeitsweise erfolgreich anzuwenden. Stefan Ruchti | IT-Consultant, EMBA, MAS Information System Management Wir \u00fcbernehmen die Planung, \u00dcberwachung und Steuerung Ihrer IT-Projekte. Durch professionelles Projektmanagement stellen wir sicher, dass Ihre IT-Projekte effizient, termingerecht und im Rahmen des Budgets abgeschlossen werden, um die gew\u00fcnschten Ergebnisse zu erzielen. Erfolgreiches IT-Projektmanagement erfordert nicht nur technisches Fachwissen, sondern auch Kompetenzen in Teamf\u00fchrung, Kommunikation, Planung und Anpassungsf\u00e4higkeit. Dabei setzen wir auf bew\u00e4hrte Methoden wie Hermes, Scrum, SAFe und gesundem Menschenverstand. Lassen Sie uns ins Gespr\u00e4ch kommen \u2013 Sie erreichen uns wie folgt: \u00a0 E-Mail:\u00a0info@ruchti-tec.chOffice Number:\u00a0 +41 79 746 15 31Office Address:\u00a0 3324 Hindelbank, Schweiz \u201eWir freuen uns schon jetzt darauf, Sie pers\u00f6nlich kennenzulernen.\u201c<\/p>\n","protected":false},"author":1,"featured_media":0,"parent":0,"menu_order":0,"comment_status":"closed","ping_status":"closed","template":"","meta":{"content-type":"","footnotes":""},"class_list":["post-1906","page","type-page","status-publish","hentry"],"_links":{"self":[{"href":"https:\/\/ruchti-tec.ch\/index.php?rest_route=\/wp\/v2\/pages\/1906","targetHints":{"allow":["GET"]}}],"collection":[{"href":"https:\/\/ruchti-tec.ch\/index.php?rest_route=\/wp\/v2\/pages"}],"about":[{"href":"https:\/\/ruchti-tec.ch\/index.php?rest_route=\/wp\/v2\/types\/page"}],"author":[{"embeddable":true,"href":"https:\/\/ruchti-tec.ch\/index.php?rest_route=\/wp\/v2\/users\/1"}],"replies":[{"embeddable":true,"href":"https:\/\/ruchti-tec.ch\/index.php?rest_route=%2Fwp%2Fv2%2Fcomments&post=1906"}],"version-history":[{"count":236,"href":"https:\/\/ruchti-tec.ch\/index.php?rest_route=\/wp\/v2\/pages\/1906\/revisions"}],"predecessor-version":[{"id":6088,"href":"https:\/\/ruchti-tec.ch\/index.php?rest_route=\/wp\/v2\/pages\/1906\/revisions\/6088"}],"wp:attachment":[{"href":"https:\/\/ruchti-tec.ch\/index.php?rest_route=%2Fwp%2Fv2%2Fmedia&parent=1906"}],"curies":[{"name":"wp","href":"https:\/\/api.w.org\/{rel}","templated":true}]}}