{"id":1811,"date":"2024-01-17T10:53:14","date_gmt":"2024-01-17T08:53:14","guid":{"rendered":"https:\/\/ruchti-tec.ch\/?page_id=1811"},"modified":"2025-12-10T18:32:34","modified_gmt":"2025-12-10T16:32:34","slug":"datenschutzrichtlinien","status":"publish","type":"page","link":"https:\/\/ruchti-tec.ch\/?page_id=1811","title":{"rendered":"Datenschutzrichtlinien"},"content":{"rendered":"\t\t<div data-elementor-type=\"wp-page\" data-elementor-id=\"1811\" class=\"elementor elementor-1811\" data-elementor-post-type=\"page\">\n\t\t\t\t<div class=\"elementor-element elementor-element-702cf8f6 e-flex e-con-boxed wpr-particle-no wpr-jarallax-no wpr-parallax-no wpr-sticky-section-no e-con e-parent\" data-id=\"702cf8f6\" data-element_type=\"container\">\n\t\t\t\t\t<div class=\"e-con-inner\">\n\t\t\t\t<div class=\"elementor-element elementor-element-79395bf1 elementor-widget elementor-widget-text-editor\" data-id=\"79395bf1\" data-element_type=\"widget\" data-widget_type=\"text-editor.default\">\n\t\t\t\t<div class=\"elementor-widget-container\">\n\t\t\t\t\t\t\t\t\t\n<h4>DATENSCHUTZGRUNDS\u00c4TZE der RUCHTI <span style=\"color: #000080;\">TEC<\/span><\/h4>\n\n<p>RUCHTI TEC respektiert Ihr Recht auf Datenschutz und ist den folgenden wesentlichen Grunds\u00e4tzen verpflichtet:<\/p>\n\n<ul class=\"wp-block-list\">\n<li>Wir sch\u00fctzen Ihre Privatsph\u00e4re und m\u00f6chten Ihnen einen auf Sie zugeschnittenen Service bieten.<\/li>\n\n<li>Personenbezogene Daten werden f\u00fcr bestimmte Zwecke auf der Grundlage Ihrer Einwilligung oder eines berechtigten Interesses erhoben, wenn Sie mit uns in Kontakt treten.<\/li>\n\n<li>Sie haben jederzeit das Recht auf Auskunft und Zugang zu Ihren personenbezogenen Daten und k\u00f6nnen deren Berichtigung oder L\u00f6schung verlangen.<\/li>\n\n<li>Wir verkaufen Ihre personenbezogenen Daten nicht an Dritte. Falls erforderlich und bei ausdr\u00fccklicher nachtr\u00e4glicher Erw\u00e4hnung oder wenn Sie eingewilligt haben, k\u00f6nnen wir Ihre Daten jedoch an Konzernunternehmen, Markenlizenznehmer, Partner und andere Dienstleister weitergeben. In diesem Fall k\u00f6nnen auch deren eigene Datenschutzrichtlinien zur Anwendung kommen.<\/li>\n\n<li>Wir ergreifen alle angemessenen Ma\u00dfnahmen zur Gew\u00e4hrleistung der Sicherheit und des Schutzes Ihrer Daten vor Missbrauch.<\/li>\n<\/ul>\n\n<h4>DATENSCHUTZRICHTLINIE der RUCHTI <span style=\"color: #000080;\">TEC<\/span><\/h4>\n\n<p>Wir freuen uns, dass Sie unsere Websites, Online-Shops, Applikationen und Social-Media-Webseiten (die sogenannten \u201cWebsites\u201c) besuchen und nutzen. Wir hoffen, dass Sie bei Ihrem Besuch noch weitere interessante Fakten \u00fcber ruchtITec unserer Produkte und Dienstleistungen erfahren werden.<\/p>\n\n<p>Diese Datenschutzrichtlinie erkl\u00e4rt, wie und zu welchen Zwecken wir die \u00fcber Sie durch unsere Websites, Online Marketing unsere Offline-Programme, Ihre Besuche an unserem Standort oder im Rahmen unserer festlichen Anl\u00e4sse erhobenen Informationen verwenden.<\/p>\n\n<p>Beste Gr\u00fcsse<\/p>\n\n<p><span style=\"color: #000080;\"><strong>Stefan Ruchti<\/strong>\u00a0<\/span><strong>| CEO &amp; Inhaber<\/strong><\/p>\n\t\t\t\t\t\t\t\t<\/div>\n\t\t\t\t<\/div>\n\t\t\t\t\t<\/div>\n\t\t\t\t<\/div>\n\t\t\t\t<\/div>\n\t\t","protected":false},"excerpt":{"rendered":"<p>DATENSCHUTZGRUNDS\u00c4TZE der RUCHTI TEC RUCHTI TEC respektiert Ihr Recht auf Datenschutz und ist den folgenden wesentlichen Grunds\u00e4tzen verpflichtet: DATENSCHUTZRICHTLINIE der RUCHTI TEC Wir freuen uns, dass Sie unsere Websites, Online-Shops, Applikationen und Social-Media-Webseiten (die sogenannten \u201cWebsites\u201c) besuchen und nutzen. Wir hoffen, dass Sie bei Ihrem Besuch noch weitere interessante Fakten \u00fcber ruchtITec unserer Produkte und Dienstleistungen erfahren werden. Diese Datenschutzrichtlinie erkl\u00e4rt, wie und zu welchen Zwecken wir die \u00fcber Sie durch unsere Websites, Online Marketing unsere Offline-Programme, Ihre Besuche an unserem Standort oder im Rahmen unserer festlichen Anl\u00e4sse erhobenen Informationen verwenden. Beste Gr\u00fcsse Stefan Ruchti\u00a0| CEO &amp; Inhaber<\/p>\n","protected":false},"author":1,"featured_media":0,"parent":0,"menu_order":0,"comment_status":"closed","ping_status":"closed","template":"","meta":{"content-type":"","footnotes":""},"class_list":["post-1811","page","type-page","status-publish","hentry"],"_links":{"self":[{"href":"https:\/\/ruchti-tec.ch\/index.php?rest_route=\/wp\/v2\/pages\/1811","targetHints":{"allow":["GET"]}}],"collection":[{"href":"https:\/\/ruchti-tec.ch\/index.php?rest_route=\/wp\/v2\/pages"}],"about":[{"href":"https:\/\/ruchti-tec.ch\/index.php?rest_route=\/wp\/v2\/types\/page"}],"author":[{"embeddable":true,"href":"https:\/\/ruchti-tec.ch\/index.php?rest_route=\/wp\/v2\/users\/1"}],"replies":[{"embeddable":true,"href":"https:\/\/ruchti-tec.ch\/index.php?rest_route=%2Fwp%2Fv2%2Fcomments&post=1811"}],"version-history":[{"count":4,"href":"https:\/\/ruchti-tec.ch\/index.php?rest_route=\/wp\/v2\/pages\/1811\/revisions"}],"predecessor-version":[{"id":6121,"href":"https:\/\/ruchti-tec.ch\/index.php?rest_route=\/wp\/v2\/pages\/1811\/revisions\/6121"}],"wp:attachment":[{"href":"https:\/\/ruchti-tec.ch\/index.php?rest_route=%2Fwp%2Fv2%2Fmedia&parent=1811"}],"curies":[{"name":"wp","href":"https:\/\/api.w.org\/{rel}","templated":true}]}}